{"id":334,"date":"2021-08-31T09:12:51","date_gmt":"2021-08-31T12:12:51","guid":{"rendered":"https:\/\/coopefm.com.ar\/?page_id=334"},"modified":"2022-03-29T00:54:27","modified_gmt":"2022-03-29T03:54:27","slug":"grabado-2","status":"publish","type":"page","link":"https:\/\/coopefm.com.ar\/?page_id=334","title":{"rendered":"Proceso de Grabado de Cilindros"},"content":{"rendered":"\n<figure class=\"wp-block-image size-large\"><img loading=\"lazy\" decoding=\"async\" width=\"1024\" height=\"791\" src=\"https:\/\/coopefm.com.ar\/wp-content\/uploads\/2021\/08\/grabado-1024x791.jpg\" alt=\"grabadora de cilindros\" class=\"wp-image-326\" srcset=\"https:\/\/coopefm.com.ar\/wp-content\/uploads\/2021\/08\/grabado-1024x791.jpg 1024w, https:\/\/coopefm.com.ar\/wp-content\/uploads\/2021\/08\/grabado-300x232.jpg 300w, https:\/\/coopefm.com.ar\/wp-content\/uploads\/2021\/08\/grabado-768x593.jpg 768w, https:\/\/coopefm.com.ar\/wp-content\/uploads\/2021\/08\/grabado.jpg 1134w\" sizes=\"auto, (max-width: 1024px) 100vw, 1024px\" \/><\/figure>\n\n\n\n<p class=\"has-white-background-color has-background\">Recibimos los archivos originales con sus dise\u00f1os en formato PDF u otro programa de armado, luego de ser revisados se lo impone en una plantilla de trabajo para su posterior grabado.<\/p>\n\n\n\n<p><\/p>\n\n\n\n<div class=\"wp-block-image\"><figure class=\"aligncenter size-full\"><img loading=\"lazy\" decoding=\"async\" width=\"645\" height=\"1004\" src=\"https:\/\/coopefm.com.ar\/wp-content\/uploads\/2022\/01\/sentido-bobina-2021-1.jpg\" alt=\"disposici\u00f3n de la bobina\" class=\"wp-image-388\" srcset=\"https:\/\/coopefm.com.ar\/wp-content\/uploads\/2022\/01\/sentido-bobina-2021-1.jpg 645w, https:\/\/coopefm.com.ar\/wp-content\/uploads\/2022\/01\/sentido-bobina-2021-1-193x300.jpg 193w\" sizes=\"auto, (max-width: 645px) 100vw, 645px\" \/><figcaption>Disposici\u00f3n del trabajo en la bobina. Datos t\u00e9cnicos seg\u00fan la m\u00e1quina.<\/figcaption><\/figure><\/div>\n\n\n\n<p class=\"has-white-background-color has-background\"><strong>Galvanoplastia: <\/strong>La importancia de este sector es que cuenta con un stock de 3650 cilindros lo que nos permite disponibilidad inmediata de cilindros para la operaci\u00f3n de grabado, podemos realizar procesos de descromado, ba\u00f1os de cobre,&nbsp; ba\u00f1os de cromo, torneado de precisi\u00f3n, pasos previos para el grabado de cilindros<\/p>\n\n\n\n<figure class=\"wp-block-image size-large\"><img loading=\"lazy\" decoding=\"async\" width=\"1024\" height=\"768\" src=\"https:\/\/coopefm.com.ar\/wp-content\/uploads\/2021\/08\/cilindrera-2-1024x768.jpg\" alt=\"deposito de cilindros\" class=\"wp-image-321\" srcset=\"https:\/\/coopefm.com.ar\/wp-content\/uploads\/2021\/08\/cilindrera-2-1024x768.jpg 1024w, https:\/\/coopefm.com.ar\/wp-content\/uploads\/2021\/08\/cilindrera-2-300x225.jpg 300w, https:\/\/coopefm.com.ar\/wp-content\/uploads\/2021\/08\/cilindrera-2-768x576.jpg 768w, https:\/\/coopefm.com.ar\/wp-content\/uploads\/2021\/08\/cilindrera-2-1536x1152.jpg 1536w, https:\/\/coopefm.com.ar\/wp-content\/uploads\/2021\/08\/cilindrera-2-2048x1536.jpg 2048w, https:\/\/coopefm.com.ar\/wp-content\/uploads\/2021\/08\/cilindrera-2-1440x1080.jpg 1440w\" sizes=\"auto, (max-width: 1024px) 100vw, 1024px\" \/><\/figure>\n\n\n\n<p class=\"has-white-background-color has-background\"><strong>Grabado de Cilindros: <\/strong>El desarrollo de los pasos previos, Preprensa &nbsp;y Galvanoplastia nos permiten responder r\u00e1pidamente a los requerimientos del cliente ante cualquier modificaci\u00f3n en su arte o dise\u00f1o, para el grabado de cilindros contamos con 2 grabadoras marca Ohio con tecnolog\u00eda de ultima generaci\u00f3n&nbsp; acelerando la disponibilidad de los cilindros para nuestro proceso de producci\u00f3n.<\/p>\n\n\n\n<figure class=\"wp-block-image size-full\"><img loading=\"lazy\" decoding=\"async\" width=\"529\" height=\"229\" src=\"https:\/\/coopefm.com.ar\/wp-content\/uploads\/2022\/01\/grabado-electromecanico.jpg\" alt=\"celdas en huecograbado\" class=\"wp-image-390\" srcset=\"https:\/\/coopefm.com.ar\/wp-content\/uploads\/2022\/01\/grabado-electromecanico.jpg 529w, https:\/\/coopefm.com.ar\/wp-content\/uploads\/2022\/01\/grabado-electromecanico-300x130.jpg 300w\" sizes=\"auto, (max-width: 529px) 100vw, 529px\" \/><figcaption>El tama\u00f1o del punto es la profundidad de la grabaci\u00f3n (sea diamante o el l\u00e1ser)<\/figcaption><\/figure>\n","protected":false},"excerpt":{"rendered":"<p>Recibimos los archivos originales con sus dise\u00f1os en formato PDF u otro programa de armado, luego de ser revisados se lo impone en una plantilla de trabajo para su posterior grabado. Galvanoplastia: La importancia de este sector es que cuenta con un stock de 3650 cilindros lo que nos permite disponibilidad inmediata de cilindros para&hellip; <br \/> <a class=\"read-more\" href=\"https:\/\/coopefm.com.ar\/?page_id=334\">Leer m\u00e1s<\/a><\/p>\n","protected":false},"author":1,"featured_media":0,"parent":0,"menu_order":0,"comment_status":"closed","ping_status":"closed","template":"","meta":{"_monsterinsights_skip_tracking":false,"_monsterinsights_sitenote_active":false,"_monsterinsights_sitenote_note":"","_monsterinsights_sitenote_category":0,"footnotes":""},"class_list":["post-334","page","type-page","status-publish","hentry"],"yoast_head":"<!-- This site is optimized with the Yoast SEO plugin v27.4 - https:\/\/yoast.com\/product\/yoast-seo-wordpress\/ -->\r\n<title>Proceso de Grabado de Cilindros - ENVASES FLEXIBLES MATADEROS<\/title>\r\n<meta name=\"robots\" content=\"index, nofollow, max-snippet:-1, max-image-preview:large, max-video-preview:-1\" \/>\r\n<link rel=\"canonical\" href=\"https:\/\/coopefm.com.ar\/?page_id=334\" \/>\r\n<meta property=\"og:locale\" content=\"es_ES\" \/>\r\n<meta property=\"og:type\" content=\"article\" \/>\r\n<meta property=\"og:title\" content=\"Proceso de Grabado de Cilindros - ENVASES FLEXIBLES MATADEROS\" \/>\r\n<meta property=\"og:description\" content=\"Recibimos los archivos originales con sus dise\u00f1os en formato PDF u otro programa de armado, luego de ser revisados se lo impone en una plantilla de trabajo para su posterior grabado. Galvanoplastia: La importancia de este sector es que cuenta con un stock de 3650 cilindros lo que nos permite disponibilidad inmediata de cilindros para&hellip; Leer m\u00e1s\" \/>\r\n<meta property=\"og:url\" content=\"https:\/\/coopefm.com.ar\/?page_id=334\" \/>\r\n<meta property=\"og:site_name\" content=\"ENVASES FLEXIBLES MATADEROS\" \/>\r\n<meta property=\"article:publisher\" content=\"https:\/\/www.facebook.com\/Envases-Flexibles-Mataderos-106747921720536\" \/>\r\n<meta property=\"article:modified_time\" content=\"2022-03-29T03:54:27+00:00\" \/>\r\n<meta property=\"og:image\" content=\"https:\/\/coopefm.com.ar\/wp-content\/uploads\/2021\/08\/grabado-1024x791.jpg\" \/>\r\n<meta name=\"twitter:card\" content=\"summary_large_image\" \/>\r\n<meta name=\"twitter:label1\" content=\"Tiempo de lectura\" \/>\n\t<meta name=\"twitter:data1\" content=\"2 minutos\" \/>\r\n<script type=\"application\/ld+json\" class=\"yoast-schema-graph\">{\"@context\":\"https:\\\/\\\/schema.org\",\"@graph\":[{\"@type\":\"WebPage\",\"@id\":\"https:\\\/\\\/coopefm.com.ar\\\/?page_id=334\",\"url\":\"https:\\\/\\\/coopefm.com.ar\\\/?page_id=334\",\"name\":\"Proceso de Grabado de Cilindros - ENVASES FLEXIBLES MATADEROS\",\"isPartOf\":{\"@id\":\"https:\\\/\\\/coopefm.com.ar\\\/#website\"},\"primaryImageOfPage\":{\"@id\":\"https:\\\/\\\/coopefm.com.ar\\\/?page_id=334#primaryimage\"},\"image\":{\"@id\":\"https:\\\/\\\/coopefm.com.ar\\\/?page_id=334#primaryimage\"},\"thumbnailUrl\":\"https:\\\/\\\/coopefm.com.ar\\\/wp-content\\\/uploads\\\/2021\\\/08\\\/grabado-1024x791.jpg\",\"datePublished\":\"2021-08-31T12:12:51+00:00\",\"dateModified\":\"2022-03-29T03:54:27+00:00\",\"breadcrumb\":{\"@id\":\"https:\\\/\\\/coopefm.com.ar\\\/?page_id=334#breadcrumb\"},\"inLanguage\":\"es\",\"potentialAction\":[{\"@type\":\"ReadAction\",\"target\":[\"https:\\\/\\\/coopefm.com.ar\\\/?page_id=334\"]}]},{\"@type\":\"ImageObject\",\"inLanguage\":\"es\",\"@id\":\"https:\\\/\\\/coopefm.com.ar\\\/?page_id=334#primaryimage\",\"url\":\"https:\\\/\\\/coopefm.com.ar\\\/wp-content\\\/uploads\\\/2021\\\/08\\\/grabado.jpg\",\"contentUrl\":\"https:\\\/\\\/coopefm.com.ar\\\/wp-content\\\/uploads\\\/2021\\\/08\\\/grabado.jpg\",\"width\":1134,\"height\":876},{\"@type\":\"BreadcrumbList\",\"@id\":\"https:\\\/\\\/coopefm.com.ar\\\/?page_id=334#breadcrumb\",\"itemListElement\":[{\"@type\":\"ListItem\",\"position\":1,\"name\":\"Portada\",\"item\":\"https:\\\/\\\/coopefm.com.ar\\\/\"},{\"@type\":\"ListItem\",\"position\":2,\"name\":\"Proceso de Grabado de Cilindros\"}]},{\"@type\":\"WebSite\",\"@id\":\"https:\\\/\\\/coopefm.com.ar\\\/#website\",\"url\":\"https:\\\/\\\/coopefm.com.ar\\\/\",\"name\":\"ENVASES FLEXIBLES MATADEROS\",\"description\":\"Gr\u00e1fica con Huecograbado y Flexograf\u00eda\",\"publisher\":{\"@id\":\"https:\\\/\\\/coopefm.com.ar\\\/#organization\"},\"potentialAction\":[{\"@type\":\"SearchAction\",\"target\":{\"@type\":\"EntryPoint\",\"urlTemplate\":\"https:\\\/\\\/coopefm.com.ar\\\/?s={search_term_string}\"},\"query-input\":{\"@type\":\"PropertyValueSpecification\",\"valueRequired\":true,\"valueName\":\"search_term_string\"}}],\"inLanguage\":\"es\"},{\"@type\":\"Organization\",\"@id\":\"https:\\\/\\\/coopefm.com.ar\\\/#organization\",\"name\":\"Envases Flexibles Mataderos\",\"url\":\"https:\\\/\\\/coopefm.com.ar\\\/\",\"logo\":{\"@type\":\"ImageObject\",\"inLanguage\":\"es\",\"@id\":\"https:\\\/\\\/coopefm.com.ar\\\/#\\\/schema\\\/logo\\\/image\\\/\",\"url\":\"https:\\\/\\\/coopefm.com.ar\\\/wp-content\\\/uploads\\\/2021\\\/08\\\/Logo-efm-pequeno.jpg\",\"contentUrl\":\"https:\\\/\\\/coopefm.com.ar\\\/wp-content\\\/uploads\\\/2021\\\/08\\\/Logo-efm-pequeno.jpg\",\"width\":98,\"height\":70,\"caption\":\"Envases Flexibles Mataderos\"},\"image\":{\"@id\":\"https:\\\/\\\/coopefm.com.ar\\\/#\\\/schema\\\/logo\\\/image\\\/\"},\"sameAs\":[\"https:\\\/\\\/www.facebook.com\\\/Envases-Flexibles-Mataderos-106747921720536\",\"https:\\\/\\\/www.linkedin.com\\\/company\\\/envases-flexibles-mataderos\\\/\"]}]}<\/script>\r\n<!-- \/ Yoast SEO plugin. -->","yoast_head_json":{"title":"Proceso de Grabado de Cilindros - ENVASES FLEXIBLES MATADEROS","robots":{"index":"index","follow":"nofollow","max-snippet":"max-snippet:-1","max-image-preview":"max-image-preview:large","max-video-preview":"max-video-preview:-1"},"canonical":"https:\/\/coopefm.com.ar\/?page_id=334","og_locale":"es_ES","og_type":"article","og_title":"Proceso de Grabado de Cilindros - ENVASES FLEXIBLES MATADEROS","og_description":"Recibimos los archivos originales con sus dise\u00f1os en formato PDF u otro programa de armado, luego de ser revisados se lo impone en una plantilla de trabajo para su posterior grabado. Galvanoplastia: La importancia de este sector es que cuenta con un stock de 3650 cilindros lo que nos permite disponibilidad inmediata de cilindros para&hellip; Leer m\u00e1s","og_url":"https:\/\/coopefm.com.ar\/?page_id=334","og_site_name":"ENVASES FLEXIBLES MATADEROS","article_publisher":"https:\/\/www.facebook.com\/Envases-Flexibles-Mataderos-106747921720536","article_modified_time":"2022-03-29T03:54:27+00:00","og_image":[{"url":"https:\/\/coopefm.com.ar\/wp-content\/uploads\/2021\/08\/grabado-1024x791.jpg","type":"","width":"","height":""}],"twitter_card":"summary_large_image","twitter_misc":{"Tiempo de lectura":"2 minutos"},"schema":{"@context":"https:\/\/schema.org","@graph":[{"@type":"WebPage","@id":"https:\/\/coopefm.com.ar\/?page_id=334","url":"https:\/\/coopefm.com.ar\/?page_id=334","name":"Proceso de Grabado de Cilindros - ENVASES FLEXIBLES MATADEROS","isPartOf":{"@id":"https:\/\/coopefm.com.ar\/#website"},"primaryImageOfPage":{"@id":"https:\/\/coopefm.com.ar\/?page_id=334#primaryimage"},"image":{"@id":"https:\/\/coopefm.com.ar\/?page_id=334#primaryimage"},"thumbnailUrl":"https:\/\/coopefm.com.ar\/wp-content\/uploads\/2021\/08\/grabado-1024x791.jpg","datePublished":"2021-08-31T12:12:51+00:00","dateModified":"2022-03-29T03:54:27+00:00","breadcrumb":{"@id":"https:\/\/coopefm.com.ar\/?page_id=334#breadcrumb"},"inLanguage":"es","potentialAction":[{"@type":"ReadAction","target":["https:\/\/coopefm.com.ar\/?page_id=334"]}]},{"@type":"ImageObject","inLanguage":"es","@id":"https:\/\/coopefm.com.ar\/?page_id=334#primaryimage","url":"https:\/\/coopefm.com.ar\/wp-content\/uploads\/2021\/08\/grabado.jpg","contentUrl":"https:\/\/coopefm.com.ar\/wp-content\/uploads\/2021\/08\/grabado.jpg","width":1134,"height":876},{"@type":"BreadcrumbList","@id":"https:\/\/coopefm.com.ar\/?page_id=334#breadcrumb","itemListElement":[{"@type":"ListItem","position":1,"name":"Portada","item":"https:\/\/coopefm.com.ar\/"},{"@type":"ListItem","position":2,"name":"Proceso de Grabado de Cilindros"}]},{"@type":"WebSite","@id":"https:\/\/coopefm.com.ar\/#website","url":"https:\/\/coopefm.com.ar\/","name":"ENVASES FLEXIBLES MATADEROS","description":"Gr\u00e1fica con Huecograbado y Flexograf\u00eda","publisher":{"@id":"https:\/\/coopefm.com.ar\/#organization"},"potentialAction":[{"@type":"SearchAction","target":{"@type":"EntryPoint","urlTemplate":"https:\/\/coopefm.com.ar\/?s={search_term_string}"},"query-input":{"@type":"PropertyValueSpecification","valueRequired":true,"valueName":"search_term_string"}}],"inLanguage":"es"},{"@type":"Organization","@id":"https:\/\/coopefm.com.ar\/#organization","name":"Envases Flexibles Mataderos","url":"https:\/\/coopefm.com.ar\/","logo":{"@type":"ImageObject","inLanguage":"es","@id":"https:\/\/coopefm.com.ar\/#\/schema\/logo\/image\/","url":"https:\/\/coopefm.com.ar\/wp-content\/uploads\/2021\/08\/Logo-efm-pequeno.jpg","contentUrl":"https:\/\/coopefm.com.ar\/wp-content\/uploads\/2021\/08\/Logo-efm-pequeno.jpg","width":98,"height":70,"caption":"Envases Flexibles Mataderos"},"image":{"@id":"https:\/\/coopefm.com.ar\/#\/schema\/logo\/image\/"},"sameAs":["https:\/\/www.facebook.com\/Envases-Flexibles-Mataderos-106747921720536","https:\/\/www.linkedin.com\/company\/envases-flexibles-mataderos\/"]}]}},"_links":{"self":[{"href":"https:\/\/coopefm.com.ar\/index.php?rest_route=\/wp\/v2\/pages\/334","targetHints":{"allow":["GET"]}}],"collection":[{"href":"https:\/\/coopefm.com.ar\/index.php?rest_route=\/wp\/v2\/pages"}],"about":[{"href":"https:\/\/coopefm.com.ar\/index.php?rest_route=\/wp\/v2\/types\/page"}],"author":[{"embeddable":true,"href":"https:\/\/coopefm.com.ar\/index.php?rest_route=\/wp\/v2\/users\/1"}],"replies":[{"embeddable":true,"href":"https:\/\/coopefm.com.ar\/index.php?rest_route=%2Fwp%2Fv2%2Fcomments&post=334"}],"version-history":[{"count":4,"href":"https:\/\/coopefm.com.ar\/index.php?rest_route=\/wp\/v2\/pages\/334\/revisions"}],"predecessor-version":[{"id":397,"href":"https:\/\/coopefm.com.ar\/index.php?rest_route=\/wp\/v2\/pages\/334\/revisions\/397"}],"wp:attachment":[{"href":"https:\/\/coopefm.com.ar\/index.php?rest_route=%2Fwp%2Fv2%2Fmedia&parent=334"}],"curies":[{"name":"wp","href":"https:\/\/api.w.org\/{rel}","templated":true}]}}